{"id":1077,"date":"2024-12-16T11:52:09","date_gmt":"2024-12-16T10:52:09","guid":{"rendered":"http:\/\/rab-plast.at.host24.profi-server.at\/?page_id=1077"},"modified":"2025-07-30T17:58:14","modified_gmt":"2025-07-30T15:58:14","slug":"breast-reconstruction-using-abdominal-tissue","status":"publish","type":"page","link":"https:\/\/www.rab-plast.at\/en\/breast-reconstruction-using-abdominal-tissue\/","title":{"rendered":"Breast reconstruction using abdominal tissue"},"content":{"rendered":"<div class=\"wpb-content-wrapper\"><p>[vc_row css_animation=&#8221;&#8221; row_type=&#8221;row&#8221; use_row_as_full_screen_section=&#8221;no&#8221; type=&#8221;full_width&#8221; angled_section=&#8221;no&#8221; text_align=&#8221;left&#8221; background_image_as_pattern=&#8221;without_pattern&#8221;][vc_column][vc_column_text css=&#8221;&#8221;]<\/p>\n<h4 style=\"text-align: center;\">Zustand nach Brustabnahme rechts. Patientin w\u00fcnscht Brustaufbau<\/h4>\n<p>[\/vc_column_text][vc_empty_space height=&#8221;25px&#8221;][\/vc_column][\/vc_row][vc_row css_animation=&#8221;&#8221; row_type=&#8221;row&#8221; use_row_as_full_screen_section=&#8221;no&#8221; type=&#8221;full_width&#8221; angled_section=&#8221;no&#8221; text_align=&#8221;left&#8221; background_image_as_pattern=&#8221;with_pattern&#8221; z_index=&#8221;&#8221; background_color=&#8221;#FFFFFFCF&#8221;][vc_column width=&#8221;1\/6&#8243;][\/vc_column][vc_column width=&#8221;1\/3&#8243;][vc_column_text css=&#8221;&#8221;]<\/p>\n<p style=\"padding-left: 5px;\"><img loading=\"lazy\" decoding=\"async\" class=\"alignnone size-full wp-image-1243\" src=\"https:\/\/www.rab-plast.at\/wp-content\/uploads\/2025\/01\/bauchgewebe-bauchmuskel-methode_1.jpg\" alt=\"\" width=\"300\" height=\"324\" srcset=\"https:\/\/www.rab-plast.at\/wp-content\/uploads\/2025\/01\/bauchgewebe-bauchmuskel-methode_1.jpg 300w, https:\/\/www.rab-plast.at\/wp-content\/uploads\/2025\/01\/bauchgewebe-bauchmuskel-methode_1-278x300.jpg 278w\" sizes=\"auto, (max-width: 300px) 100vw, 300px\" \/><\/p>\n<p>[\/vc_column_text][\/vc_column][vc_column width=&#8221;1\/3&#8243;][vc_column_text css=&#8221;&#8221;]<\/p>\n<p>Die Operation wird in Vollnarkose durchgef\u00fchrt. Der Aufenthalt auf der Station betr\u00e4gt durchschnittlich 8-10 Tage.<\/p>\n<p>[\/vc_column_text][\/vc_column][vc_column width=&#8221;1\/6&#8243;][\/vc_column][\/vc_row][vc_row css_animation=&#8221;&#8221; row_type=&#8221;row&#8221; use_row_as_full_screen_section=&#8221;no&#8221; type=&#8221;full_width&#8221; angled_section=&#8221;no&#8221; text_align=&#8221;left&#8221; background_image_as_pattern=&#8221;without_pattern&#8221;][vc_column][vc_empty_space][\/vc_column][\/vc_row][vc_row css_animation=&#8221;&#8221; row_type=&#8221;row&#8221; use_row_as_full_screen_section=&#8221;no&#8221; type=&#8221;full_width&#8221; angled_section=&#8221;no&#8221; text_align=&#8221;left&#8221; background_image_as_pattern=&#8221;without_pattern&#8221;][vc_column width=&#8221;1\/6&#8243;][\/vc_column][vc_column width=&#8221;1\/3&#8243;][vc_column_text css=&#8221;&#8221;]<\/p>\n<p style=\"padding-left: 5px;\"><img loading=\"lazy\" decoding=\"async\" class=\"alignnone size-full wp-image-1820\" src=\"https:\/\/www.rab-plast.at\/wp-content\/uploads\/2025\/07\/bauchgewebe-methode_2.jpg\" alt=\"\" width=\"300\" height=\"322\" srcset=\"https:\/\/www.rab-plast.at\/wp-content\/uploads\/2025\/07\/bauchgewebe-methode_2.jpg 300w, https:\/\/www.rab-plast.at\/wp-content\/uploads\/2025\/07\/bauchgewebe-methode_2-280x300.jpg 280w\" sizes=\"auto, (max-width: 300px) 100vw, 300px\" \/><\/p>\n<p>[\/vc_column_text][\/vc_column][vc_column width=&#8221;1\/3&#8243;][vc_column_text css=&#8221;&#8221;]<\/p>\n<p>Das Gewebe zum Formen der neuen Brust wird von der <\/p>\nBauchregion unterhalb des Nabels gew\u00e4hlt. Bei der mikrochirurgischen Entnahme des Bauchgewebes wird der darunter liegender gerade Bauchmuskel nicht in seiner Funktion gest\u00f6rt.&#13;\n<p><\/p><p><!-- \/wp:post-content -->[\/vc_column_text][\/vc_column][vc_column width=&#8221;1\/6&#8243;][\/vc_column][\/vc_row][vc_row css_animation=&#8221;&#8221; row_type=&#8221;row&#8221; use_row_as_full_screen_section=&#8221;no&#8221; type=&#8221;full_width&#8221; angled_section=&#8221;no&#8221; text_align=&#8221;left&#8221; background_image_as_pattern=&#8221;without_pattern&#8221;][vc_column][vc_empty_space][\/vc_column][\/vc_row][vc_row css_animation=&#8221;&#8221; row_type=&#8221;row&#8221; use_row_as_full_screen_section=&#8221;no&#8221; type=&#8221;full_width&#8221; angled_section=&#8221;no&#8221; text_align=&#8221;left&#8221; background_image_as_pattern=&#8221;without_pattern&#8221;][vc_column width=&#8221;1\/6&#8243;][\/vc_column][vc_column width=&#8221;1\/3&#8243;][vc_column_text css=&#8221;&#8221;]<\/p>\n<p><img loading=\"lazy\" decoding=\"async\" class=\"alignnone size-full wp-image-1822\" src=\"https:\/\/www.rab-plast.at\/wp-content\/uploads\/2025\/07\/bauchgewebe-methode_3.jpg\" alt=\"\" width=\"300\" height=\"322\" srcset=\"https:\/\/www.rab-plast.at\/wp-content\/uploads\/2025\/07\/bauchgewebe-methode_3.jpg 300w, https:\/\/www.rab-plast.at\/wp-content\/uploads\/2025\/07\/bauchgewebe-methode_3-280x300.jpg 280w\" sizes=\"auto, (max-width: 300px) 100vw, 300px\" \/><\/p>\n<p>[\/vc_column_text][\/vc_column][vc_column width=&#8221;1\/3&#8243;][vc_column_text css=&#8221;&#8221;]<\/p>\n<p>Der Gewebeblock, welcher vom Bauch mit einem Venen und Arterienstiel entnommen wurde, wird nun zur Formung der rechten Brust ebendort eingesetzt und seine versorgenden Venen und Arterien an Gef\u00e4\u00dfe des Brustkorbes unter dem Mikroskop angeschlossen. Die gerade Bauchmuskulatur bleibt soweit unversehrt.<\/p>\n<p>[\/vc_column_text][\/vc_column][vc_column width=&#8221;1\/6&#8243;][\/vc_column][\/vc_row][vc_row css_animation=&#8221;&#8221; row_type=&#8221;row&#8221; use_row_as_full_screen_section=&#8221;no&#8221; type=&#8221;full_width&#8221; angled_section=&#8221;no&#8221; text_align=&#8221;left&#8221; background_image_as_pattern=&#8221;without_pattern&#8221;][vc_column][vc_empty_space][\/vc_column][\/vc_row][vc_row css_animation=&#8221;&#8221; row_type=&#8221;row&#8221; use_row_as_full_screen_section=&#8221;no&#8221; type=&#8221;full_width&#8221; angled_section=&#8221;no&#8221; text_align=&#8221;left&#8221; background_image_as_pattern=&#8221;without_pattern&#8221;][vc_column width=&#8221;1\/6&#8243;][\/vc_column][vc_column width=&#8221;1\/3&#8243;][vc_column_text css=&#8221;&#8221;]<\/p>\n<p style=\"padding-left: 5px;\"><img loading=\"lazy\" decoding=\"async\" class=\"alignnone size-full wp-image-1824\" src=\"https:\/\/www.rab-plast.at\/wp-content\/uploads\/2025\/07\/bauchgewebe-bauchmuskel-methode_4.jpg\" alt=\"\" width=\"300\" height=\"324\" srcset=\"https:\/\/www.rab-plast.at\/wp-content\/uploads\/2025\/07\/bauchgewebe-bauchmuskel-methode_4.jpg 300w, https:\/\/www.rab-plast.at\/wp-content\/uploads\/2025\/07\/bauchgewebe-bauchmuskel-methode_4-278x300.jpg 278w\" sizes=\"auto, (max-width: 300px) 100vw, 300px\" \/><\/p>\n<p>[\/vc_column_text][\/vc_column][vc_column width=&#8221;1\/3&#8243;][vc_column_text css=&#8221;&#8221;]Nach dem mikrochirurgischen Anschluss der Gef\u00e4sse ist das Gewebe wieder gut durchblutet und kann problemlos als neue Brust einheilen. Die Gewebe-Entnahmestelle wird im Sinne einer Bauchdeckenstraffungs-Operation mit Versetzung des Nabels verschlossen.<br \/>[\/vc_column_text][\/vc_column][vc_column width=&#8221;1\/6&#8243;][\/vc_column][\/vc_row][vc_row css_animation=&#8221;&#8221; row_type=&#8221;row&#8221; use_row_as_full_screen_section=&#8221;no&#8221; type=&#8221;full_width&#8221; angled_section=&#8221;no&#8221; text_align=&#8221;left&#8221; background_image_as_pattern=&#8221;without_pattern&#8221;][vc_column][vc_empty_space][\/vc_column][\/vc_row][vc_row css_animation=&#8221;&#8221; row_type=&#8221;row&#8221; use_row_as_full_screen_section=&#8221;no&#8221; type=&#8221;full_width&#8221; angled_section=&#8221;no&#8221; text_align=&#8221;left&#8221; background_image_as_pattern=&#8221;without_pattern&#8221;][vc_column width=&#8221;1\/6&#8243;][\/vc_column][vc_column width=&#8221;1\/3&#8243;][vc_column_text css=&#8221;&#8221;]<\/p>\n<p><img loading=\"lazy\" decoding=\"async\" class=\"alignnone size-full wp-image-1826\" src=\"https:\/\/www.rab-plast.at\/wp-content\/uploads\/2025\/07\/bauchgewebe-methode_5.jpg\" alt=\"\" width=\"300\" height=\"322\" srcset=\"https:\/\/www.rab-plast.at\/wp-content\/uploads\/2025\/07\/bauchgewebe-methode_5.jpg 300w, https:\/\/www.rab-plast.at\/wp-content\/uploads\/2025\/07\/bauchgewebe-methode_5-280x300.jpg 280w\" sizes=\"auto, (max-width: 300px) 100vw, 300px\" \/><\/p>\n<p>[\/vc_column_text][\/vc_column][vc_column width=&#8221;1\/3&#8243;][vc_column_text css=&#8221;&#8221;]Nach Einheilen der rechten Brust, kann dann zeitlich getrennt die Wiederherstellung der Brustwarze, die Angleichung der linken Brust (falls notwendig) und die T\u00e4towierung des rechten Brustwarzenhofes erfolgen.<\/p>\n<p>Sowohl Brustwarzen- als auch Burstwarzenhof-Wiederherstellung mittels T\u00e4towierung kann ambulant unter<br \/>Lokalan\u00e4sthesie erfolgen. F\u00fcr eine m\u00f6gliche Angleichung der linken Brust wird wiederum die Vollnarkose ben\u00f6tigt.<br \/>[\/vc_column_text][\/vc_column][vc_column width=&#8221;1\/6&#8243;][\/vc_column][\/vc_row][vc_row css_animation=&#8221;&#8221; row_type=&#8221;row&#8221; use_row_as_full_screen_section=&#8221;no&#8221; type=&#8221;full_width&#8221; angled_section=&#8221;no&#8221; text_align=&#8221;left&#8221; background_image_as_pattern=&#8221;without_pattern&#8221;][vc_column][vc_empty_space][\/vc_column][\/vc_row]<\/p>\n<\/div>","protected":false},"excerpt":{"rendered":"<p>[vc_row css_animation=&#8221;&#8221; row_type=&#8221;row&#8221; use_row_as_full_screen_section=&#8221;no&#8221; type=&#8221;full_width&#8221; angled_section=&#8221;no&#8221; text_align=&#8221;left&#8221; background_image_as_pattern=&#8221;without_pattern&#8221;][vc_column][vc_column_text css=&#8221;&#8221;] Zustand nach Brustabnahme rechts. Patientin w\u00fcnscht Brustaufbau [\/vc_column_text][vc_empty_space height=&#8221;25px&#8221;][\/vc_column][\/vc_row][vc_row css_animation=&#8221;&#8221; row_type=&#8221;row&#8221; use_row_as_full_screen_section=&#8221;no&#8221; type=&#8221;full_width&#8221; angled_section=&#8221;no&#8221; text_align=&#8221;left&#8221; background_image_as_pattern=&#8221;with_pattern&#8221; z_index=&#8221;&#8221; background_color=&#8221;#FFFFFFCF&#8221;][vc_column width=&#8221;1\/6&#8243;][\/vc_column][vc_column width=&#8221;1\/3&#8243;][vc_column_text css=&#8221;&#8221;] [\/vc_column_text][\/vc_column][vc_column width=&#8221;1\/3&#8243;][vc_column_text css=&#8221;&#8221;] Die Operation wird in Vollnarkose durchgef\u00fchrt. Der Aufenthalt auf der Station betr\u00e4gt&#8230;<\/p>\n","protected":false},"author":2,"featured_media":1242,"parent":0,"menu_order":21,"comment_status":"closed","ping_status":"closed","template":"","meta":{"footnotes":""},"class_list":["post-1077","page","type-page","status-publish","has-post-thumbnail","hentry"],"_links":{"self":[{"href":"https:\/\/www.rab-plast.at\/en\/wp-json\/wp\/v2\/pages\/1077","targetHints":{"allow":["GET"]}}],"collection":[{"href":"https:\/\/www.rab-plast.at\/en\/wp-json\/wp\/v2\/pages"}],"about":[{"href":"https:\/\/www.rab-plast.at\/en\/wp-json\/wp\/v2\/types\/page"}],"author":[{"embeddable":true,"href":"https:\/\/www.rab-plast.at\/en\/wp-json\/wp\/v2\/users\/2"}],"replies":[{"embeddable":true,"href":"https:\/\/www.rab-plast.at\/en\/wp-json\/wp\/v2\/comments?post=1077"}],"version-history":[{"count":6,"href":"https:\/\/www.rab-plast.at\/en\/wp-json\/wp\/v2\/pages\/1077\/revisions"}],"predecessor-version":[{"id":1829,"href":"https:\/\/www.rab-plast.at\/en\/wp-json\/wp\/v2\/pages\/1077\/revisions\/1829"}],"wp:featuredmedia":[{"embeddable":true,"href":"https:\/\/www.rab-plast.at\/en\/wp-json\/wp\/v2\/media\/1242"}],"wp:attachment":[{"href":"https:\/\/www.rab-plast.at\/en\/wp-json\/wp\/v2\/media?parent=1077"}],"curies":[{"name":"wp","href":"https:\/\/api.w.org\/{rel}","templated":true}]}}